{"id":4275,"date":"2026-02-23T00:20:35","date_gmt":"2026-02-23T00:20:35","guid":{"rendered":"https:\/\/mymiraclemachine.de\/?page_id=4275"},"modified":"2026-02-26T23:35:32","modified_gmt":"2026-02-26T23:35:32","slug":"intimidation-game","status":"publish","type":"page","link":"http:\/\/mymiraclemachine.de\/en\/intimidation-game\/","title":{"rendered":"Intimidation Game"},"content":{"rendered":"<section class=\"vc_row wpb_row vc_row-fluid bg-light not-equal not-color\"><div class=\" container \"><div class=\"row \"><div class=\"wpb_column vc_column_container vc_col-sm-12\"><div class=\"vc_column-inner\"><div class=\"wpb_wrapper\"><div class=\"headings-title\"><div class=\"mb16 mb16 mb-xs-40 text-left\"><h1  class=\"widgettitle mb0\">Intimidation Game<\/h1><div  class=\"widgetsubtitle\">2026<\/div><\/div><\/div>\n\t<div class=\"wpb_text_column wpb_content_element \" >\n\t\t<div class=\"wpb_wrapper\">\n\t\t\t<p>Interaktive Installation, die einen Wettbewerb zwischen einem Menschen und einer Maschine inszeniert.<\/p>\n\n\t\t<\/div>\n\t<\/div>\n<\/div><\/div><\/div><\/div><\/div><\/section><section class=\"vc_row wpb_row vc_row-fluid bg-dark not-equal not-color\"><div class=\" container \"><div class=\"row \"><script type=\"text\/javascript\">jQuery(document).ready(function(){jQuery('head').append('<style type=\"text\/css\" id=\"tlg-custom-css-btn-69f18f944e0ea\">#btn-69f18f944e0ea:hover{color:#ffffff!important;background-color:#0a0a0a!important;border-color:transparent!important;}<\/style>');});<\/script><div class=\"wpb_column vc_column_container vc_col-sm-12\"><div class=\"vc_column-inner\"><div class=\"wpb_wrapper\"><div class=\"display-table\"><div class=\"display-cell display-none-sm\"><i style=\"color:#ffffff!important;\" class=\"fade-color ms-text mr-24 ti-world icon\"><\/i><\/div>\n\t\t\t\t\t<div class=\"display-cell text-center-sm\">\n\t\t\t\t\t\t<div style=\"color:#ffffff!important;\" class=\"maintitle uppercase spacing-text\">Python-Code der Screen-Version<\/div>\n\t\t\t\t\t\t<div style=\"color:#ffffff!important;\" class=\"subtitle\"><\/div>\n\t\t\t\t\t<\/div>\n\t\t\t\t\t<div class=\"display-cell text-center-sm text-right\"><a style=\"color:#ffffff;background-color:#0a0a0a;border-color:transparent;\" id=\"btn-69f18f944e0ea\" class=\"btn  btn-lg btn-sm-sm text-center mr-0 mb0 mt-xs-24\" href= \"https:\/\/github.com\/Inselhopper\/intimidation-game\" target='_blank' >Link zum Github-Repository<\/a><\/div>\n\t\t\t\t<\/div><\/div><\/div><\/div><\/div><\/div><\/section><section class=\"vc_row wpb_row vc_row-fluid bg-light not-equal not-color\"><div class=\" container \"><div class=\"row \"><div class=\"wpb_column vc_column_container vc_col-sm-12\"><div class=\"vc_column-inner\"><div class=\"wpb_wrapper\">\n\t<div class=\"wpb_video_widget wpb_content_element vc_clearfix   vc_video-aspect-ratio-169 vc_video-el-width-100 vc_video-align-left\" >\n\t\t<div class=\"wpb_wrapper\">\n\t\t\t\n\t\t\t<div class=\"wpb_video_wrapper\"><iframe loading=\"lazy\" title=\"Intimidation Game Prototype\" src=\"https:\/\/player.vimeo.com\/video\/1167912531?dnt=1&amp;app_id=122963\" width=\"1170\" height=\"658\" frameborder=\"0\" allow=\"autoplay; fullscreen; picture-in-picture; clipboard-write; encrypted-media; web-share\" referrerpolicy=\"strict-origin-when-cross-origin\"><\/iframe><\/div>\n\t\t<\/div>\n\t<\/div>\n\n\t<div class=\"wpb_text_column wpb_content_element \" >\n\t\t<div class=\"wpb_wrapper\">\n\t\t\t<p>Schneller Prototyp der mechanischen Version des <em data-start=\"48\" data-end=\"67\">Intimidation Game<\/em>. Hier und da sind noch einige Anpassungen erforderlich.<\/p>\n\n\t\t<\/div>\n\t<\/div>\n<\/div><\/div><\/div><\/div><\/div><\/section><section class=\"vc_row wpb_row vc_row-fluid bg-light not-equal not-color\"><div class=\" container \"><div class=\"row \"><div class=\"wpb_column vc_column_container vc_col-sm-12\"><div class=\"vc_column-inner\"><div class=\"wpb_wrapper\">\n\t<div class=\"wpb_video_widget wpb_content_element vc_clearfix   vc_video-aspect-ratio-169 vc_video-el-width-100 vc_video-align-left\" >\n\t\t<div class=\"wpb_wrapper\">\n\t\t\t\n\t\t\t<div class=\"wpb_video_wrapper\"><iframe loading=\"lazy\" title=\"20260214_162138[1]\" src=\"https:\/\/player.vimeo.com\/video\/1165209073?dnt=1&amp;app_id=122963\" width=\"1170\" height=\"658\" frameborder=\"0\" allow=\"autoplay; fullscreen; picture-in-picture; clipboard-write; encrypted-media; web-share\" referrerpolicy=\"strict-origin-when-cross-origin\"><\/iframe><\/div>\n\t\t<\/div>\n\t<\/div>\n\n\t<div class=\"wpb_text_column wpb_content_element \" >\n\t\t<div class=\"wpb_wrapper\">\n\t\t\t<p class=\"western\">Video, das die Interaktion mit dem unfreundlichen Gesicht zeigt.<\/p>\n\n\t\t<\/div>\n\t<\/div>\n<\/div><\/div><\/div><\/div><\/div><\/section><section class=\"vc_row wpb_row vc_row-fluid bg-light not-equal not-color\"><div class=\" container \"><div class=\"row \"><div class=\"wpb_column vc_column_container vc_col-sm-12\"><div class=\"vc_column-inner\"><div class=\"wpb_wrapper\">\n\t<div class=\"wpb_video_widget wpb_content_element vc_clearfix   vc_video-aspect-ratio-169 vc_video-el-width-100 vc_video-align-left\" >\n\t\t<div class=\"wpb_wrapper\">\n\t\t\t\n\t\t\t<div class=\"wpb_video_wrapper\"><iframe loading=\"lazy\" title=\"20260214_163239[1]\" src=\"https:\/\/player.vimeo.com\/video\/1165208092?dnt=1&amp;app_id=122963\" width=\"1170\" height=\"658\" frameborder=\"0\" allow=\"autoplay; fullscreen; picture-in-picture; clipboard-write; encrypted-media; web-share\" referrerpolicy=\"strict-origin-when-cross-origin\"><\/iframe><\/div>\n\t\t<\/div>\n\t<\/div>\n\n\t<div class=\"wpb_text_column wpb_content_element \" >\n\t\t<div class=\"wpb_wrapper\">\n\t\t\t<p>Video, das die Interaktion mit dem freundlichen Gesicht zeigt.<\/p>\n\n\t\t<\/div>\n\t<\/div>\n<\/div><\/div><\/div><\/div><\/div><\/section><section class=\"vc_row wpb_row vc_row-fluid bg-light not-equal not-color\"><div class=\" container \"><div class=\"row \"><div class=\"wpb_column vc_column_container vc_col-sm-12\"><div class=\"vc_column-inner\"><div class=\"wpb_wrapper\"><div class=\"intro-carousel intro-right\"><section class=\"image-square\"><div class=\"col-md-6 image\"><div class=\"background-content\"><img loading=\"lazy\" decoding=\"async\" width=\"1536\" height=\"1024\" src=\"http:\/\/mymiraclemachine.de\/wp-content\/uploads\/2026\/02\/forecast-not-nice.png\" class=\"background-image\" alt=\"\" srcset=\"http:\/\/mymiraclemachine.de\/wp-content\/uploads\/2026\/02\/forecast-not-nice.png 1536w, http:\/\/mymiraclemachine.de\/wp-content\/uploads\/2026\/02\/forecast-not-nice-300x200.png 300w, http:\/\/mymiraclemachine.de\/wp-content\/uploads\/2026\/02\/forecast-not-nice-1024x683.png 1024w, http:\/\/mymiraclemachine.de\/wp-content\/uploads\/2026\/02\/forecast-not-nice-768x512.png 768w, http:\/\/mymiraclemachine.de\/wp-content\/uploads\/2026\/02\/forecast-not-nice-600x400.png 600w\" sizes=\"auto, (max-width: 1536px) 100vw, 1536px\" \/><\/div><\/div>\n\t\t\t\t    <div class=\"col-md-6 content\"><div>KI-generiertes Bild der geplanten Installation: Das unfreundliche Gesicht ist dem\/der Teilnehmenden zugewandt.<\/div><\/div><\/section><\/div><div class=\"intro-carousel intro-left\"><section class=\"image-square\"><div class=\"col-md-6 image\"><div class=\"background-content\"><img loading=\"lazy\" decoding=\"async\" width=\"1536\" height=\"1024\" src=\"http:\/\/mymiraclemachine.de\/wp-content\/uploads\/2026\/02\/forecast-nice.png\" class=\"background-image\" alt=\"\" srcset=\"http:\/\/mymiraclemachine.de\/wp-content\/uploads\/2026\/02\/forecast-nice.png 1536w, http:\/\/mymiraclemachine.de\/wp-content\/uploads\/2026\/02\/forecast-nice-300x200.png 300w, http:\/\/mymiraclemachine.de\/wp-content\/uploads\/2026\/02\/forecast-nice-1024x683.png 1024w, http:\/\/mymiraclemachine.de\/wp-content\/uploads\/2026\/02\/forecast-nice-768x512.png 768w, http:\/\/mymiraclemachine.de\/wp-content\/uploads\/2026\/02\/forecast-nice-600x400.png 600w\" sizes=\"auto, (max-width: 1536px) 100vw, 1536px\" \/><\/div><\/div>\n\t\t\t\t    <div class=\"col-md-6 content\"><div>Freundliche Gesicht ist dem\/der Teilnehmenden zugewandt.<\/div><\/div><\/section><\/div><\/div><\/div><\/div><\/div><\/div><\/section><section class=\"vc_row wpb_row vc_row-fluid bg-light not-equal not-color\"><div class=\" container \"><div class=\"row \"><div class=\"wpb_column vc_column_container vc_col-sm-12\"><div class=\"vc_column-inner\"><div class=\"wpb_wrapper\">\n\t<div class=\"wpb_text_column wpb_content_element \" >\n\t\t<div class=\"wpb_wrapper\">\n\t\t\t<h2>Setting<\/h2>\n<p class=\"western\"><span lang=\"de-DE\">Teilnehmende treten in einen <\/span><em><span lang=\"de-DE\">Staring Contest<\/span><\/em><span lang=\"de-DE\"> mit einer maschinellen Installation, die als Gegen\u00fcber fungiert.<\/span><\/p>\n<p class=\"western\">Das System zeigt ein Paar Augen, das den Blickkontakt aufrechterh\u00e4lt. Das Augenpaar und seine Animation sind keine Repr\u00e4sentation von KI. Sie spiegeln \u2013 bevor das Duell beginnt \u2013 lediglich das Verhalten des Nutzers wider (seine Blinkfrequenz wird aufgenommen und verz\u00f6gert am Maschinen-Augenpaar angezeigt).<\/p>\n<h4 class=\"western\"><span lang=\"de-DE\">Experimentelle Anteil des Intimidation Games (AB-Test)<\/span><\/h4>\n<p class=\"western\">In einem AB-Design variiert ausschlie\u00dflich die affektive Gestaltung des Gegen\u00fcbers (freundliche vs. unfreundliche Augen bzw. Maschine). Alle weiteren Parameter bleiben konstant.<\/p>\n<h4 class=\"western\"><span lang=\"de-DE\">Limitationen <\/span><\/h4>\n<p class=\"western\">Das Experiment erhebt keinen Anspruch auf statistische Generalisierbarkeit. Es versteht sich als situatives, performatives Experiment zur Exploration affektiver Zuschreibungen in Mensch-Maschine-Interaktionen.<\/p>\n<h2 class=\"western\"><span lang=\"de-DE\">Benutze Technologie im Intimidation Game<\/span><\/h2>\n<p class=\"western\"><span lang=\"de-DE\">Das Blinzeln der Teilnehmenden wird mittels Facemash und EAR-Algorithmus als k\u00f6rperlicher Abbruchmarker erfasst. <\/span><\/p>\n<h4 class=\"western\"><span lang=\"de-DE\">Facemesh<\/span><\/h4>\n<p class=\"western\">MediaPipe Face Mesh (von Google) ist ein leistungsstarkes KI-Modell, das 468 3D-Landmarks in Echtzeit ermittelt.<\/p>\n<p class=\"western\">Ich habe dieses Modell gew\u00e4hlt, da ich die gesamte Programmierung auf einem Raspberry Pi 4 laufen lassen m\u00f6chte. Das Modell ist leichtgewichtig genug, um dies umzusetzen.<\/p>\n<p class=\"western\">F\u00fcr den Ausstellungskontext ist mir wichtig, dass keine Daten an Drittanbieter \u00fcbertragen werden m\u00fcssen und aus Datenschutzgr\u00fcnden weder identifizierende Technologien eingesetzt noch Daten gespeichert werden.<\/p>\n<h4 class=\"western\"><b>Eye Aspect Ratio <\/b>(EAR) Technik<\/h4>\n<p class=\"western\"><span lang=\"de-DE\">Die EAR-Technik ist eine einfache, aber robuste Methode zur Erkennung des Geschlossenheitszustands von Augen. Sie wird n\u00e4her im <\/span><span style=\"color: #0000ff;\"><u><a href=\"https:\/\/vision.fe.uni-lj.si\/cvww2016\/proceedings\/papers\/05.pdf\"><span lang=\"de-DE\">Real-Time Eye Blink Detection using Facial Landmarks paper<\/span><\/a><\/u><\/span><span lang=\"de-DE\"> beschrieben:<\/span><\/p>\n<blockquote><p>\nA real-time algorithm to detect eye blinks in a video sequence from a standard camera is proposed. Recent landmark detectors, trained on in-the-wild datasets exhibit excellent robustness against a head orientation with respect to a camera, varying illumination and facial expressions. We show that the landmarks are detected precisely enough to reliably estimate the level of the eye opening\n<\/p><\/blockquote>\n\n\t\t<\/div>\n\t<\/div>\n<\/div><\/div><\/div><\/div><\/div><\/section>\n","protected":false},"excerpt":{"rendered":"Intimidation Game2026 Interaktive Installation, die einen Wettbewerb zwischen einem Menschen und einer Maschine inszeniert. Python-Code der...","protected":false},"author":1,"featured_media":0,"parent":0,"menu_order":0,"comment_status":"closed","ping_status":"closed","template":"","meta":{"footnotes":""},"class_list":["post-4275","page","type-page","status-publish","hentry"],"_links":{"self":[{"href":"http:\/\/mymiraclemachine.de\/en\/wp-json\/wp\/v2\/pages\/4275","targetHints":{"allow":["GET"]}}],"collection":[{"href":"http:\/\/mymiraclemachine.de\/en\/wp-json\/wp\/v2\/pages"}],"about":[{"href":"http:\/\/mymiraclemachine.de\/en\/wp-json\/wp\/v2\/types\/page"}],"author":[{"embeddable":true,"href":"http:\/\/mymiraclemachine.de\/en\/wp-json\/wp\/v2\/users\/1"}],"replies":[{"embeddable":true,"href":"http:\/\/mymiraclemachine.de\/en\/wp-json\/wp\/v2\/comments?post=4275"}],"version-history":[{"count":39,"href":"http:\/\/mymiraclemachine.de\/en\/wp-json\/wp\/v2\/pages\/4275\/revisions"}],"predecessor-version":[{"id":4430,"href":"http:\/\/mymiraclemachine.de\/en\/wp-json\/wp\/v2\/pages\/4275\/revisions\/4430"}],"wp:attachment":[{"href":"http:\/\/mymiraclemachine.de\/en\/wp-json\/wp\/v2\/media?parent=4275"}],"curies":[{"name":"wp","href":"https:\/\/api.w.org\/{rel}","templated":true}]}}