{"id":4098,"date":"2022-10-10T22:34:09","date_gmt":"2022-10-10T22:34:09","guid":{"rendered":"https:\/\/art.ingrid-bluoss.de\/?page_id=4098"},"modified":"2026-02-26T22:56:19","modified_gmt":"2026-02-26T22:56:19","slug":"julies-traum","status":"publish","type":"page","link":"http:\/\/mymiraclemachine.de\/en\/julies-traum\/","title":{"rendered":"Julies Traum"},"content":{"rendered":"<section class=\"vc_row wpb_row vc_row-fluid bg-light not-equal not-color\"><div class=\"container\"><div class=\"row\"><div class=\"wpb_column vc_column_container vc_col-sm-12\"><div class=\"vc_column-inner\"><div class=\"wpb_wrapper\"><div class=\"image-captions\"><a href= \"https:\/\/julies-traum.webflow.io\/\" target='_blank' ><div class=\"image-caption hover-caption\"><img loading=\"lazy\" decoding=\"async\" width=\"1873\" height=\"1630\" src=\"http:\/\/mymiraclemachine.de\/wp-content\/uploads\/2026\/02\/scroll.jpg\" class=\"attachment-full size-full\" alt=\"\" srcset=\"http:\/\/mymiraclemachine.de\/wp-content\/uploads\/2026\/02\/scroll.jpg 1873w, http:\/\/mymiraclemachine.de\/wp-content\/uploads\/2026\/02\/scroll-300x261.jpg 300w, http:\/\/mymiraclemachine.de\/wp-content\/uploads\/2026\/02\/scroll-1024x891.jpg 1024w, http:\/\/mymiraclemachine.de\/wp-content\/uploads\/2026\/02\/scroll-768x668.jpg 768w, http:\/\/mymiraclemachine.de\/wp-content\/uploads\/2026\/02\/scroll-1536x1337.jpg 1536w, http:\/\/mymiraclemachine.de\/wp-content\/uploads\/2026\/02\/scroll-14x12.jpg 14w\" sizes=\"auto, (max-width: 1873px) 100vw, 1873px\" \/><div class=\"caption\"><h5  class=\"widgettitle mb0\">Zur Webseite<\/h5><div  class=\"widgetsubtitle\"><\/div><\/div><\/div><\/a><\/div><\/div><\/div><\/div><\/div><\/div><\/section><section class=\"vc_row wpb_row vc_row-fluid bg-dark not-equal not-color\"><div class=\"container\"><div class=\"row\"><script type=\"text\/javascript\">jQuery(document).ready(function(){jQuery('head').append('<style type=\"text\/css\" id=\"tlg-custom-css-btn-69f1906f877c5\">#btn-69f1906f877c5:hover{color:#ffffff!important;background-color:#3f3f3f!important;border-color:transparent!important;}<\/style>');});<\/script><div class=\"wpb_column vc_column_container vc_col-sm-12\"><div class=\"vc_column-inner\"><div class=\"wpb_wrapper\"><div class=\"display-table\"><div class=\"display-cell display-none-sm\"><i  class=\"fade-color ms-text mr-24 ti-world icon\"><\/i><\/div>\n\t\t\t\t\t<div class=\"display-cell text-center-sm\">\n\t\t\t\t\t\t<div  class=\"maintitle uppercase spacing-text\">Julies Traum<\/div>\n\t\t\t\t\t\t<div  class=\"subtitle\">Zur Webseite<\/div>\n\t\t\t\t\t<\/div>\n\t\t\t\t\t<div class=\"display-cell text-center-sm text-right\"><a style=\"color:#ffffff;background-color:#3f3f3f;border-color:transparent;\" id=\"btn-69f1906f877c5\" class=\"btn  btn-lg btn-sm-sm text-center mr-0 mb0 mt-xs-24\" href= \"https:\/\/julies-traum.webflow.io\/\" target='_blank' >Link<\/a><\/div>\n\t\t\t\t<\/div><\/div><\/div><\/div><\/div><\/div><\/section><section class=\"vc_row wpb_row vc_row-fluid bg-light not-equal not-color\"><div class=\"container\"><div class=\"row\"><div class=\"wpb_column vc_column_container vc_col-sm-12\"><div class=\"vc_column-inner\"><div class=\"wpb_wrapper\">\n\t<div class=\"wpb_text_column wpb_content_element\" >\n\t\t<div class=\"wpb_wrapper\">\n\t\t\t<p>Coding da Vinci war der erste deutsche Hackathon f\u00fcr offene Kulturdaten. Zwischen 2014 und 2022 vernetzte Coding da Vinci technikaffine und kulturbegeisterte Communities mit deutschen Kulturinstitutionen, um das kreative Potential in unserem digitalen Kulturerbe weiter zu entfalten.<\/p>\n\n\t\t<\/div>\n\t<\/div>\n\n\t<div  class=\"wpb_single_image wpb_content_element vc_align_center\">\n\t\t\n\t\t<figure class=\"wpb_wrapper vc_figure\">\n\t\t\t<div class=\"vc_single_image-wrapper   vc_box_border_grey\"><img loading=\"lazy\" decoding=\"async\" width=\"1024\" height=\"578\" src=\"http:\/\/mymiraclemachine.de\/wp-content\/uploads\/2026\/02\/FireShot-Capture-125-Coding-da-Vinci-Nieder.Rhein_.Land-2021-Preisverleihung-YouTube_-www.youtube.com_-1024x578.jpg\" class=\"vc_single_image-img attachment-large\" alt=\"\" title=\"Pr\u00e4sentation im Forum D\u00fcsseldorf\" srcset=\"http:\/\/mymiraclemachine.de\/wp-content\/uploads\/2026\/02\/FireShot-Capture-125-Coding-da-Vinci-Nieder.Rhein_.Land-2021-Preisverleihung-YouTube_-www.youtube.com_-1024x578.jpg 1024w, http:\/\/mymiraclemachine.de\/wp-content\/uploads\/2026\/02\/FireShot-Capture-125-Coding-da-Vinci-Nieder.Rhein_.Land-2021-Preisverleihung-YouTube_-www.youtube.com_-300x169.jpg 300w, http:\/\/mymiraclemachine.de\/wp-content\/uploads\/2026\/02\/FireShot-Capture-125-Coding-da-Vinci-Nieder.Rhein_.Land-2021-Preisverleihung-YouTube_-www.youtube.com_-768x434.jpg 768w, http:\/\/mymiraclemachine.de\/wp-content\/uploads\/2026\/02\/FireShot-Capture-125-Coding-da-Vinci-Nieder.Rhein_.Land-2021-Preisverleihung-YouTube_-www.youtube.com_-1536x867.jpg 1536w, http:\/\/mymiraclemachine.de\/wp-content\/uploads\/2026\/02\/FireShot-Capture-125-Coding-da-Vinci-Nieder.Rhein_.Land-2021-Preisverleihung-YouTube_-www.youtube.com_-18x10.jpg 18w, http:\/\/mymiraclemachine.de\/wp-content\/uploads\/2026\/02\/FireShot-Capture-125-Coding-da-Vinci-Nieder.Rhein_.Land-2021-Preisverleihung-YouTube_-www.youtube.com_.jpg 1651w\" sizes=\"auto, (max-width: 1024px) 100vw, 1024px\" \/><\/div><figcaption class=\"vc_figure-caption\">Pr\u00e4sentation im Forum D\u00fcsseldorf<\/figcaption>\n\t\t<\/figure>\n\t<\/div>\n<\/div><\/div><\/div><\/div><\/div><\/section><section class=\"vc_row wpb_row vc_row-fluid bg-dark not-equal not-color\"><div class=\"container\"><div class=\"row\"><script type=\"text\/javascript\">jQuery(document).ready(function(){jQuery('head').append('<style type=\"text\/css\" id=\"tlg-custom-css-btn-69f1906f882a4\">#btn-69f1906f882a4:hover{color:#ffffff!important;background-color:#3f3f3f!important;border-color:transparent!important;}<\/style>');});<\/script><div class=\"wpb_column vc_column_container vc_col-sm-12\"><div class=\"vc_column-inner\"><div class=\"wpb_wrapper\"><div class=\"display-table\"><div class=\"display-cell display-none-sm\"><i  class=\"fade-color ms-text mr-24 ti-world icon\"><\/i><\/div>\n\t\t\t\t\t<div class=\"display-cell text-center-sm\">\n\t\t\t\t\t\t<div  class=\"maintitle uppercase spacing-text\">Coding da Vinci<\/div>\n\t\t\t\t\t\t<div  class=\"subtitle\">Projekt-Website<\/div>\n\t\t\t\t\t<\/div>\n\t\t\t\t\t<div class=\"display-cell text-center-sm text-right\"><a style=\"color:#ffffff;background-color:#3f3f3f;border-color:transparent;\" id=\"btn-69f1906f882a4\" class=\"btn  btn-lg btn-sm-sm text-center mr-0 mb0 mt-xs-24\" href= \"https:\/\/codingdavinci.de\/projekte\/julies-traum-aus-dem-tagebuch-einer-jungen-bazar-leserin\" target='_blank' >Link<\/a><\/div>\n\t\t\t\t<\/div><\/div><\/div><\/div><\/div><\/div><\/section><section class=\"vc_row wpb_row vc_row-fluid bg-light not-equal not-color\"><div class=\"container\"><div class=\"row\"><div class=\"wpb_column vc_column_container vc_col-sm-12\"><div class=\"vc_column-inner\"><div class=\"wpb_wrapper\">\n\t<div class=\"wpb_text_column wpb_content_element\" >\n\t\t<div class=\"wpb_wrapper\">\n\t\t\t<p>Die vorliegenden 1121 Ausgaben des BAZARS bieten einen Einblick in Zeitgeist, Diskurs und Lebenswelten der b\u00fcrgerlichen Frauen des 19. Jahrhunderts. Durch die fiktive Biografie Julies wollen wir die Welt der Frauen vor und w\u00e4hrend der Gr\u00fcnderzeit lebendig werden lassen. Durch ihre Augen sehen wir die Inhalte des BAZARS und dessen Einfluss auf die Gedankenwelt der Frauen und M\u00e4dchen. Welcher Spielraum war m\u00f6glich? Welche verschiedenen Lebensentw\u00fcrfe wurden vorgestellt?<\/p>\n<p>Die Welt Julies erfahren wir \u00fcber eine Onepage-Webpr\u00e4sentation. Bilder aus dem BAZAR illustrieren die Stimmung der Zeit. Ausgew\u00e4hlte Ausschnitte aus der Zeitschrift werden mit heutiger leicht lesbarer Schrift und Rechtschreibung angezeigt. Wir verfolgen die Biografie der jungen Frau an Hand ihrer Interaktionen mit der Frauenzeitschrift. Sie muss sich entscheiden: will sie auf die Verheiratung mit einem Verehrer hoffen oder ergeht es ihr wie ihrer ledigen Tante Amelie, die sauert\u00f6pfisch in den Tag hineinlebt und mit ihren vielen Nervenleiden besch\u00e4ftigt ist. Was hat sie f\u00fcr Alternativen?<\/p>\n<p>Um die Inhaltsf\u00fclle abzubilden, darf nat\u00fcrlich bei unserer Zeitreise die Modewelt nicht vergessen werden. Wir erzeugen einige 3D-Modelle aus den in der Zeitschrift vorhandenen Schnitten, die der Benutzer durch Interaktion drehen kann.<\/p>\n\n\t\t<\/div>\n\t<\/div>\n<\/div><\/div><\/div><\/div><\/div><\/section><section class=\"vc_row wpb_row vc_row-fluid bg-light not-equal not-color\"><div class=\"container\"><div class=\"row\"><div class=\"wpb_column vc_column_container vc_col-sm-12\"><div class=\"vc_column-inner\"><div class=\"wpb_wrapper\"><section  id=\"single-69f1906f8873c\" class=\"header-single vertical-flex m0 image-bg  scrolled-no-hide parallax-off  p0 fullscreen\" style=\"\"><div class=\"background-content\"><img loading=\"lazy\" decoding=\"async\" width=\"1868\" height=\"822\" src=\"http:\/\/mymiraclemachine.de\/wp-content\/uploads\/2026\/02\/brave_gLCcCfto3h-1.gif\" class=\"background-image\" alt=\"\" \/><div style=\"background-color:rgba(0,0,0,0.01); opacity:0.85;background:linear-gradient(to right, rgba(0,0,0,0.01) 0%,rgba(0,0,0,0.01) 100%);\" class=\"background-overlay\"><\/div><\/div><div  class=\"container vertical-flex-column item-content\"><div class=\"row\"><div class=\"standard-slide col-md-10 col-md-offset-1 col-sm-12 text-center\"><div class=\"heading-content\"><\/div>\n                <\/div><\/div><\/div><\/section><\/div><\/div><\/div><\/div><\/div><\/section><section class=\"vc_row wpb_row vc_row-fluid bg-light not-equal not-color\"><div class=\"container\"><div class=\"row\"><div class=\"wpb_column vc_column_container vc_col-sm-12\"><div class=\"vc_column-inner\"><div class=\"wpb_wrapper\"><\/div><\/div><\/div><\/div><\/div><\/section>","protected":false},"excerpt":{"rendered":"Zur Webseite Julies Traum Zur Webseite Link Coding da Vinci war der erste deutsche Hackathon f\u00fcr...","protected":false},"author":1,"featured_media":0,"parent":0,"menu_order":0,"comment_status":"closed","ping_status":"closed","template":"","meta":{"footnotes":""},"class_list":["post-4098","page","type-page","status-publish","hentry"],"_links":{"self":[{"href":"http:\/\/mymiraclemachine.de\/en\/wp-json\/wp\/v2\/pages\/4098","targetHints":{"allow":["GET"]}}],"collection":[{"href":"http:\/\/mymiraclemachine.de\/en\/wp-json\/wp\/v2\/pages"}],"about":[{"href":"http:\/\/mymiraclemachine.de\/en\/wp-json\/wp\/v2\/types\/page"}],"author":[{"embeddable":true,"href":"http:\/\/mymiraclemachine.de\/en\/wp-json\/wp\/v2\/users\/1"}],"replies":[{"embeddable":true,"href":"http:\/\/mymiraclemachine.de\/en\/wp-json\/wp\/v2\/comments?post=4098"}],"version-history":[{"count":55,"href":"http:\/\/mymiraclemachine.de\/en\/wp-json\/wp\/v2\/pages\/4098\/revisions"}],"predecessor-version":[{"id":4423,"href":"http:\/\/mymiraclemachine.de\/en\/wp-json\/wp\/v2\/pages\/4098\/revisions\/4423"}],"wp:attachment":[{"href":"http:\/\/mymiraclemachine.de\/en\/wp-json\/wp\/v2\/media?parent=4098"}],"curies":[{"name":"wp","href":"https:\/\/api.w.org\/{rel}","templated":true}]}}